{"id":20,"date":"2026-02-26T10:03:18","date_gmt":"2026-02-26T10:03:18","guid":{"rendered":"http:\/\/qudenya.fun\/?page_id=20"},"modified":"2026-02-26T10:03:22","modified_gmt":"2026-02-26T10:03:22","slug":"kontakt","status":"publish","type":"page","link":"https:\/\/qudenya.fun\/?page_id=20","title":{"rendered":"KONTAKT"},"content":{"rendered":"\n<p><strong>Stefan Gravurtechnik M\u00fcnchen<\/strong><br><em>Pr\u00e4zision im Handwerk \u2013 Tradition trifft Moderne<\/em><\/p>\n\n\n\n<hr class=\"wp-block-separator has-alpha-channel-opacity\"\/>\n\n\n\n<p><strong>Hier finden Sie uns:<\/strong><\/p>\n\n\n\n<hr class=\"wp-block-separator has-alpha-channel-opacity\"\/>\n\n\n\n<ul class=\"wp-block-list\">\n<li><strong>Anschrift:<\/strong> <strong>Westendstra\u00dfe 123, 80339 M\u00fcnchen<\/strong><\/li>\n\n\n\n<li><strong>Telefonnummer:<\/strong> <strong>+49 835 526 194<\/strong><\/li>\n\n\n\n<li><strong>E-Mail-Adresse:<\/strong> <strong>support@qudenya.fun<\/strong><\/li>\n<\/ul>\n\n\n\n<hr class=\"wp-block-separator has-alpha-channel-opacity\"\/>\n\n\n\n<p><strong>Unsere Werkstattzeiten:<\/strong><\/p>\n\n\n\n<p>Damit wir uns voll auf die Pr\u00e4zision an den Maschinen konzentrieren k\u00f6nnen und gleichzeitig Zeit f\u00fcr Ihre Beratung haben, gelten folgende \u00d6ffnungszeiten:<\/p>\n\n\n\n<ul class=\"wp-block-list\">\n<li><strong>Montag bis Donnerstag:<\/strong> 08:30 Uhr \u2014 12:30 Uhr | 14:00 Uhr \u2014 18:00 Uhr<\/li>\n\n\n\n<li><strong>Freitag:<\/strong> 08:30 Uhr \u2014 15:00 Uhr (durchgehend)<\/li>\n\n\n\n<li><strong>Samstag:<\/strong> Nach individueller Vereinbarung f\u00fcr Projektbesprechungen<\/li>\n\n\n\n<li><strong>Sonntag:<\/strong> Geschlossen<\/li>\n<\/ul>\n\n\n\n<hr class=\"wp-block-separator has-alpha-channel-opacity\"\/>\n\n\n\n<p><em>Hinweis: Wenn Sie mit einem speziellen Material oder einer gr\u00f6\u00dferen Serie zu uns kommen m\u00f6chten, rufen Sie bitte kurz vorher an. So k\u00f6nnen wir sicherstellen, dass Stefan pers\u00f6nlich Zeit f\u00fcr eine ausf\u00fchrliche technische Beratung hat. Wir freuen uns auf Ihr Projekt!<\/em><\/p>\n","protected":false},"excerpt":{"rendered":"<p>Stefan Gravurtechnik M\u00fcnchenPr\u00e4zision im Handwerk \u2013 Tradition trifft Moderne Hier finden Sie uns: Unsere Werkstattzeiten: Damit wir uns voll auf die Pr\u00e4zision an den Maschinen konzentrieren k\u00f6nnen und gleichzeitig Zeit f\u00fcr Ihre Beratung haben, gelten folgende \u00d6ffnungszeiten: Hinweis: Wenn Sie mit einem speziellen Material oder einer gr\u00f6\u00dferen Serie zu uns kommen m\u00f6chten, rufen Sie bitte [&hellip;]<\/p>\n","protected":false},"author":1,"featured_media":0,"parent":0,"menu_order":4,"comment_status":"closed","ping_status":"closed","template":"","meta":{"footnotes":""},"class_list":["post-20","page","type-page","status-publish","hentry"],"_links":{"self":[{"href":"https:\/\/qudenya.fun\/index.php?rest_route=\/wp\/v2\/pages\/20","targetHints":{"allow":["GET"]}}],"collection":[{"href":"https:\/\/qudenya.fun\/index.php?rest_route=\/wp\/v2\/pages"}],"about":[{"href":"https:\/\/qudenya.fun\/index.php?rest_route=\/wp\/v2\/types\/page"}],"author":[{"embeddable":true,"href":"https:\/\/qudenya.fun\/index.php?rest_route=\/wp\/v2\/users\/1"}],"replies":[{"embeddable":true,"href":"https:\/\/qudenya.fun\/index.php?rest_route=%2Fwp%2Fv2%2Fcomments&post=20"}],"version-history":[{"count":1,"href":"https:\/\/qudenya.fun\/index.php?rest_route=\/wp\/v2\/pages\/20\/revisions"}],"predecessor-version":[{"id":21,"href":"https:\/\/qudenya.fun\/index.php?rest_route=\/wp\/v2\/pages\/20\/revisions\/21"}],"wp:attachment":[{"href":"https:\/\/qudenya.fun\/index.php?rest_route=%2Fwp%2Fv2%2Fmedia&parent=20"}],"curies":[{"name":"wp","href":"https:\/\/api.w.org\/{rel}","templated":true}]}}